{"id":62,"date":"2026-05-16T22:05:50","date_gmt":"2026-05-16T20:05:50","guid":{"rendered":"https:\/\/suioryu.pl\/?page_id=62"},"modified":"2026-05-16T22:10:06","modified_gmt":"2026-05-16T20:10:06","slug":"treningi","status":"publish","type":"page","link":"https:\/\/suioryu.pl\/?page_id=62","title":{"rendered":"Treningi"},"content":{"rendered":"<div><img loading=\"lazy\" decoding=\"async\" class=\"aligncenter wp-image-77 size-full\" src=\"https:\/\/suioryu.pl\/wp-content\/uploads\/2026\/05\/OSHUKAN_kana.jpg\" alt=\"\" width=\"300\" height=\"108\" \/><\/div>\n<div><\/div>\n<div><strong>Gdzie trenujemy:<\/strong><\/div>\n<div><\/div>\n<div>\n<table style=\"border-collapse: collapse; width: 100%; height: 72px;\">\n<tbody>\n<tr style=\"height: 46px;\">\n<td style=\"width: 58.867%; height: 46px;\">BIG BEN Niepubliczna Szko\u0142a Podstawowa<br \/>\nul. Warszawska 57, Lubicz\u00f3w (k. Bemowa)<\/td>\n<td style=\"width: 50%; height: 46px;\">Poniedzia\u0142ek\u00a0 \u00a0 19:00-21:00<br \/>\n\u015aroda\u00a0 \u00a0 \u00a0 \u00a0 \u00a0 \u00a0 \u00a0 \u00a0 \u00a0 \u00a019:00-20:00<\/td>\n<\/tr>\n<tr style=\"height: 26px;\">\n<td style=\"width: 58.867%; height: 26px;\">Dom Kultury \u015awit<br \/>\nul. Wysockiego 11, Warszawa<\/td>\n<td style=\"width: 50%; height: 26px;\">Niedziela\u00a0 \u00a0 \u00a0 \u00a0 \u00a0 \u00a0 16:00 \u2013 18:30<\/td>\n<\/tr>\n<\/tbody>\n<\/table>\n<\/div>\n<div><strong>Do zobaczenia na treningu!<\/strong><\/div>\n","protected":false},"excerpt":{"rendered":"<p>Gdzie trenujemy: BIG BEN Niepubliczna Szko\u0142a Podstawowa ul. Warszawska 57, Lubicz\u00f3w (k. Bemowa) Poniedzia\u0142ek\u00a0 \u00a0 19:00-21:00 \u015aroda\u00a0 \u00a0 \u00a0 \u00a0 \u00a0 \u00a0 \u00a0 \u00a0 \u00a0 \u00a019:00-20:00 Dom Kultury \u015awit ul. Wysockiego 11, Warszawa Niedziela\u00a0 \u00a0 \u00a0 \u00a0 \u00a0 \u00a0 16:00 \u2013 18:30 Do zobaczenia na treningu!<\/p>\n","protected":false},"author":1,"featured_media":0,"parent":0,"menu_order":0,"comment_status":"closed","ping_status":"closed","template":"","meta":{"footnotes":""},"class_list":["post-62","page","type-page","status-publish","hentry"],"_links":{"self":[{"href":"https:\/\/suioryu.pl\/index.php?rest_route=\/wp\/v2\/pages\/62","targetHints":{"allow":["GET"]}}],"collection":[{"href":"https:\/\/suioryu.pl\/index.php?rest_route=\/wp\/v2\/pages"}],"about":[{"href":"https:\/\/suioryu.pl\/index.php?rest_route=\/wp\/v2\/types\/page"}],"author":[{"embeddable":true,"href":"https:\/\/suioryu.pl\/index.php?rest_route=\/wp\/v2\/users\/1"}],"replies":[{"embeddable":true,"href":"https:\/\/suioryu.pl\/index.php?rest_route=%2Fwp%2Fv2%2Fcomments&post=62"}],"version-history":[{"count":19,"href":"https:\/\/suioryu.pl\/index.php?rest_route=\/wp\/v2\/pages\/62\/revisions"}],"predecessor-version":[{"id":92,"href":"https:\/\/suioryu.pl\/index.php?rest_route=\/wp\/v2\/pages\/62\/revisions\/92"}],"wp:attachment":[{"href":"https:\/\/suioryu.pl\/index.php?rest_route=%2Fwp%2Fv2%2Fmedia&parent=62"}],"curies":[{"name":"wp","href":"https:\/\/api.w.org\/{rel}","templated":true}]}}